{"id":4100,"date":"2026-02-12T21:59:17","date_gmt":"2026-02-12T18:59:17","guid":{"rendered":"https:\/\/www.cafezone.com.tr\/cafezone-hakkinda\/"},"modified":"2026-02-12T21:59:17","modified_gmt":"2026-02-12T18:59:17","slug":"about-cafezone","status":"publish","type":"page","link":"https:\/\/www.cafezone.com.tr\/en\/about-cafezone\/","title":{"rendered":"About Cafezone"},"content":{"rendered":"<div class=\"wpb-content-wrapper\"><p>[vc_row content_placement=&#8221;middle&#8221;][vc_column width=&#8221;1\/2&#8243;]<div class=\"cz_gap clr  hide_on_mobile\" style=\"height: 20px\"><\/div><div class=\"cz_gap show_on_mobile clr\" style=\"height: 1px\"><\/div><div id=\"cz_87945\" class=\"cz_87945 cz_title clr cz_mobile_text_center cz_title_ba_line cz_title_pos_inline\"><div class=\"cz_title_content\"><div class=\"cz_wpe_content\"><h3><span style=\"font-size: 32px;\">In the heart of the golden triangle<\/span><\/h3>\n<\/div><div class=\"cz_title_line cz_line_after_title\"><span>_<\/span><\/div><\/div><\/div><div class=\"cz_gap clr \" style=\"height: 20px\"><\/div>[vc_column_text css=&#8221;&#8221;]No matter where you are or where you are from, if you want to relax, have fun or work, Caf\u00e9 Zone is the place we all dream of. Located in the heart of the golden triangle in Ni\u015fanta\u015f\u0131, just a few steps away from the most prestigious boutiques and the trendiest nightclubs, Caf\u00e9 Zone is a magical place right in the middle of Rumeli, Valikona\u011f\u0131 and Abdi \u0130pek\u00e7i Street.<\/p>\n<p>Owned by Y\u0131d\u0131r\u0131m Ba\u015fe\u011fmez, Caf\u00e9 Zone has a warm atmosphere where stylish details come to the forefront. In addition to the sophisticated yet emotional and carefully decorated interiors, the summer and winter garden invites you to an addictive pleasure adventure. With its comfortable sofas and armchairs, this sparkling place makes you enjoy the feeling of pleasure to the fullest.<\/p>\n<p>Whether to have fun, chat or rest in peace&#8230; Whatever your purpose is, Caf\u00e9 Zone is waiting for you on your way, like a friend who has not changed for years, at the corner where you meet your friends.<\/p>\n<p>Its cosmopolitan menu, which tempts all kinds of palates, is full of delicious examples from Mediterranean and world cuisines. You are invited to this magical world\u2026[\/vc_column_text][\/vc_column][vc_column width=&#8221;1\/2&#8243;]<div id=\"cz_73183\" data-position=\"top-right\" class=\"cz_73183 cz_image clr cz_image_no_fx center_on_mobile\"><div class=\"\" ><div class=\"cz_image_in\" data-tilt><div class=\"cz_main_image\"><img fetchpriority=\"high\" loading=\"eager\" decoding=\"sync\" data-no-lazy=\"1\" width=\"800\" height=\"500\" src=\"https:\/\/www.cafezone.com.tr\/wp-content\/uploads\/2017\/06\/img8-1.jpg\" class=\"attachment-full\" alt=\"Img8\" title=\"img8\" srcset=\"https:\/\/www.cafezone.com.tr\/wp-content\/uploads\/2017\/06\/img8-1.jpg 800w, https:\/\/www.cafezone.com.tr\/wp-content\/uploads\/2017\/06\/img8-1-300x188.jpg 300w, https:\/\/www.cafezone.com.tr\/wp-content\/uploads\/2017\/06\/img8-1-768x480.jpg 768w, https:\/\/www.cafezone.com.tr\/wp-content\/uploads\/2017\/06\/img8-1-600x375.jpg 600w\" sizes=\"(max-width: 800px) 100vw, 800px\"  \/><\/div><\/div><\/div><\/div>[\/vc_column][\/vc_row][vc_row full_width=&#8221;stretch_row_content&#8221; el_class=&#8221;no_padding&#8221;][vc_column]<div class=\"cz_btn_block\"><div class=\"cz_37062_p\"><a id=\"cz_37062\" class=\"cz_37062 cz_btn cz_btn_txt_no_fx cz_btn_no_fx\" href=\"tel:+902122966590\"><span><i class=\"fa fa-volume-control-phone\"><\/i><strong>Delivery: 0212 296 65 90 \/ 91<\/strong><\/span><b class=\"cz_btn_onhover\"><i class=\"fa fa-volume-control-phone\"><\/i><strong>Delivery: 0212 296 65 90 \/ 91<\/strong><\/b><\/a><\/div><\/div>[\/vc_column][\/vc_row]<\/p>\n<\/div>","protected":false},"excerpt":{"rendered":"<p>No matter where you are or where you are from, if &#8230; <\/p>\n","protected":false},"author":1,"featured_media":0,"parent":0,"menu_order":0,"comment_status":"closed","ping_status":"closed","template":"","meta":{"footnotes":""},"class_list":["post-4100","page","type-page","status-publish","hentry"],"_links":{"self":[{"href":"https:\/\/www.cafezone.com.tr\/en\/wp-json\/wp\/v2\/pages\/4100","targetHints":{"allow":["GET"]}}],"collection":[{"href":"https:\/\/www.cafezone.com.tr\/en\/wp-json\/wp\/v2\/pages"}],"about":[{"href":"https:\/\/www.cafezone.com.tr\/en\/wp-json\/wp\/v2\/types\/page"}],"author":[{"embeddable":true,"href":"https:\/\/www.cafezone.com.tr\/en\/wp-json\/wp\/v2\/users\/1"}],"replies":[{"embeddable":true,"href":"https:\/\/www.cafezone.com.tr\/en\/wp-json\/wp\/v2\/comments?post=4100"}],"version-history":[{"count":0,"href":"https:\/\/www.cafezone.com.tr\/en\/wp-json\/wp\/v2\/pages\/4100\/revisions"}],"wp:attachment":[{"href":"https:\/\/www.cafezone.com.tr\/en\/wp-json\/wp\/v2\/media?parent=4100"}],"curies":[{"name":"wp","href":"https:\/\/api.w.org\/{rel}","templated":true}]}}