{"id":4105,"date":"2026-02-12T21:59:15","date_gmt":"2026-02-12T18:59:15","guid":{"rendered":"https:\/\/www.cafezone.com.tr\/cafezonedan\/"},"modified":"2026-02-12T21:59:15","modified_gmt":"2026-02-12T18:59:15","slug":"from-cafezone","status":"publish","type":"page","link":"https:\/\/www.cafezone.com.tr\/en\/from-cafezone\/","title":{"rendered":"From Cafezone"},"content":{"rendered":"<div class=\"wpb-content-wrapper\"><p>[vc_row][vc_column]<div id=\"cz_95357\" class=\"cz_grid_p cz_95357\"><div class=\"cz_grid cz_grid_1 clr cz_metro_2 cz_grid_c4 cz_grid_1_no_title cz_grid_1_mid tac cz_grid_1_no_title\"><div class=\"cz_grid_item cz_grid_first\"><\/div><div class=\"cz_grid_item \"><div data-title=\"025A4314\"><a class=\"cz_grid_link \" href=\"https:\/\/www.cafezone.com.tr\/wp-content\/uploads\/2024\/09\/025A4314.jpg\" data-xtra-lightbox><img decoding=\"async\" width=\"600\" height=\"506\" src=\"https:\/\/www.cafezone.com.tr\/wp-content\/uploads\/2024\/09\/025A4314-600x506.jpg\" class=\"attachment-codevz_600_600\" alt=\"025A4314\" loading=\"lazy\" \/><div class=\"cz_grid_details\"><i class=\"fa fa-search cz_grid_icon\"><\/i><\/div><\/a><\/div><\/div><div class=\"cz_grid_item \"><div data-title=\"025A4324\"><a class=\"cz_grid_link \" href=\"https:\/\/www.cafezone.com.tr\/wp-content\/uploads\/2024\/09\/025A4324.jpg\" data-xtra-lightbox><img decoding=\"async\" width=\"600\" height=\"506\" src=\"https:\/\/www.cafezone.com.tr\/wp-content\/uploads\/2024\/09\/025A4324-600x506.jpg\" class=\"attachment-codevz_600_600\" alt=\"025A4324\" loading=\"lazy\" \/><div class=\"cz_grid_details\"><i class=\"fa fa-search cz_grid_icon\"><\/i><\/div><\/a><\/div><\/div><div class=\"cz_grid_item \"><div data-title=\"025A4330\"><a class=\"cz_grid_link \" href=\"https:\/\/www.cafezone.com.tr\/wp-content\/uploads\/2024\/09\/025A4330.jpg\" data-xtra-lightbox><img decoding=\"async\" width=\"600\" height=\"506\" src=\"https:\/\/www.cafezone.com.tr\/wp-content\/uploads\/2024\/09\/025A4330-600x506.jpg\" class=\"attachment-codevz_600_600\" alt=\"025A4330\" loading=\"lazy\" \/><div class=\"cz_grid_details\"><i class=\"fa fa-search cz_grid_icon\"><\/i><\/div><\/a><\/div><\/div><div class=\"cz_grid_item \"><div data-title=\"025A4356\"><a class=\"cz_grid_link \" href=\"https:\/\/www.cafezone.com.tr\/wp-content\/uploads\/2024\/09\/025A4356.jpg\" data-xtra-lightbox><img decoding=\"async\" width=\"600\" height=\"506\" src=\"https:\/\/www.cafezone.com.tr\/wp-content\/uploads\/2024\/09\/025A4356-600x506.jpg\" class=\"attachment-codevz_600_600\" alt=\"025A4356\" loading=\"lazy\" \/><div class=\"cz_grid_details\"><i class=\"fa fa-search cz_grid_icon\"><\/i><\/div><\/a><\/div><\/div><div class=\"cz_grid_item \"><div data-title=\"025A4362\"><a class=\"cz_grid_link \" href=\"https:\/\/www.cafezone.com.tr\/wp-content\/uploads\/2024\/09\/025A4362.jpg\" data-xtra-lightbox><img decoding=\"async\" width=\"600\" height=\"506\" src=\"https:\/\/www.cafezone.com.tr\/wp-content\/uploads\/2024\/09\/025A4362-600x506.jpg\" class=\"attachment-codevz_600_600\" alt=\"025A4362\" loading=\"lazy\" \/><div class=\"cz_grid_details\"><i class=\"fa fa-search cz_grid_icon\"><\/i><\/div><\/a><\/div><\/div><div class=\"cz_grid_item \"><div data-title=\"025A4382\"><a class=\"cz_grid_link \" href=\"https:\/\/www.cafezone.com.tr\/wp-content\/uploads\/2024\/09\/025A4382.jpg\" data-xtra-lightbox><img decoding=\"async\" width=\"600\" height=\"506\" src=\"https:\/\/www.cafezone.com.tr\/wp-content\/uploads\/2024\/09\/025A4382-600x506.jpg\" class=\"attachment-codevz_600_600\" alt=\"025A4382\" loading=\"lazy\" \/><div class=\"cz_grid_details\"><i class=\"fa fa-search cz_grid_icon\"><\/i><\/div><\/a><\/div><\/div><div class=\"cz_grid_item \"><div data-title=\"025A4402\"><a class=\"cz_grid_link \" href=\"https:\/\/www.cafezone.com.tr\/wp-content\/uploads\/2024\/09\/025A4402.jpg\" data-xtra-lightbox><img decoding=\"async\" width=\"600\" height=\"506\" src=\"https:\/\/www.cafezone.com.tr\/wp-content\/uploads\/2024\/09\/025A4402-600x506.jpg\" class=\"attachment-codevz_600_600\" alt=\"025A4402\" loading=\"lazy\" \/><div class=\"cz_grid_details\"><i class=\"fa fa-search cz_grid_icon\"><\/i><\/div><\/a><\/div><\/div><div class=\"cz_grid_item \"><div data-title=\"025A4408\"><a class=\"cz_grid_link \" href=\"https:\/\/www.cafezone.com.tr\/wp-content\/uploads\/2024\/09\/025A4408.jpg\" data-xtra-lightbox><img decoding=\"async\" width=\"600\" height=\"506\" src=\"https:\/\/www.cafezone.com.tr\/wp-content\/uploads\/2024\/09\/025A4408-600x506.jpg\" class=\"attachment-codevz_600_600\" alt=\"025A4408\" loading=\"lazy\" \/><div class=\"cz_grid_details\"><i class=\"fa fa-search cz_grid_icon\"><\/i><\/div><\/a><\/div><\/div><div class=\"cz_grid_item \"><div data-title=\"025A4413\"><a class=\"cz_grid_link \" href=\"https:\/\/www.cafezone.com.tr\/wp-content\/uploads\/2024\/09\/025A4413.jpg\" data-xtra-lightbox><img decoding=\"async\" width=\"600\" height=\"472\" src=\"https:\/\/www.cafezone.com.tr\/wp-content\/uploads\/2024\/09\/025A4413-600x472.jpg\" class=\"attachment-codevz_600_600\" alt=\"025A4413\" loading=\"lazy\" \/><div class=\"cz_grid_details\"><i class=\"fa fa-search cz_grid_icon\"><\/i><\/div><\/a><\/div><\/div><div class=\"cz_grid_item \"><div data-title=\"025A4427\"><a class=\"cz_grid_link \" href=\"https:\/\/www.cafezone.com.tr\/wp-content\/uploads\/2024\/09\/025A4427.jpg\" data-xtra-lightbox><img decoding=\"async\" width=\"600\" height=\"506\" src=\"https:\/\/www.cafezone.com.tr\/wp-content\/uploads\/2024\/09\/025A4427-600x506.jpg\" class=\"attachment-codevz_600_600\" alt=\"025A4427\" loading=\"lazy\" \/><div class=\"cz_grid_details\"><i class=\"fa fa-search cz_grid_icon\"><\/i><\/div><\/a><\/div><\/div><div class=\"cz_grid_item \"><div data-title=\"025A4433\"><a class=\"cz_grid_link \" href=\"https:\/\/www.cafezone.com.tr\/wp-content\/uploads\/2024\/09\/025A4433.jpg\" data-xtra-lightbox><img decoding=\"async\" width=\"600\" height=\"506\" src=\"https:\/\/www.cafezone.com.tr\/wp-content\/uploads\/2024\/09\/025A4433-600x506.jpg\" class=\"attachment-codevz_600_600\" alt=\"025A4433\" loading=\"lazy\" \/><div class=\"cz_grid_details\"><i class=\"fa fa-search cz_grid_icon\"><\/i><\/div><\/a><\/div><\/div><div class=\"cz_grid_item \"><div data-title=\"025A4445\"><a class=\"cz_grid_link \" href=\"https:\/\/www.cafezone.com.tr\/wp-content\/uploads\/2024\/09\/025A4445.jpg\" data-xtra-lightbox><img decoding=\"async\" width=\"600\" height=\"506\" src=\"https:\/\/www.cafezone.com.tr\/wp-content\/uploads\/2024\/09\/025A4445-600x506.jpg\" class=\"attachment-codevz_600_600\" alt=\"025A4445\" loading=\"lazy\" \/><div class=\"cz_grid_details\"><i class=\"fa fa-search cz_grid_icon\"><\/i><\/div><\/a><\/div><\/div><div class=\"cz_grid_item \"><div data-title=\"025A4447\"><a class=\"cz_grid_link \" href=\"https:\/\/www.cafezone.com.tr\/wp-content\/uploads\/2024\/09\/025A4447.jpg\" data-xtra-lightbox><img decoding=\"async\" width=\"600\" height=\"428\" src=\"https:\/\/www.cafezone.com.tr\/wp-content\/uploads\/2024\/09\/025A4447-600x428.jpg\" class=\"attachment-codevz_600_600\" alt=\"025A4447\" loading=\"lazy\" \/><div class=\"cz_grid_details\"><i class=\"fa fa-search cz_grid_icon\"><\/i><\/div><\/a><\/div><\/div><div class=\"cz_grid_item \"><div data-title=\"025A4452\"><a class=\"cz_grid_link \" href=\"https:\/\/www.cafezone.com.tr\/wp-content\/uploads\/2024\/09\/025A4452.jpg\" data-xtra-lightbox><img decoding=\"async\" width=\"600\" height=\"506\" src=\"https:\/\/www.cafezone.com.tr\/wp-content\/uploads\/2024\/09\/025A4452-600x506.jpg\" class=\"attachment-codevz_600_600\" alt=\"025A4452\" loading=\"lazy\" \/><div class=\"cz_grid_details\"><i class=\"fa fa-search cz_grid_icon\"><\/i><\/div><\/a><\/div><\/div><div class=\"cz_grid_item \"><div data-title=\"025A4458\"><a class=\"cz_grid_link \" href=\"https:\/\/www.cafezone.com.tr\/wp-content\/uploads\/2024\/09\/025A4458.jpg\" data-xtra-lightbox><img decoding=\"async\" width=\"600\" height=\"506\" src=\"https:\/\/www.cafezone.com.tr\/wp-content\/uploads\/2024\/09\/025A4458-600x506.jpg\" class=\"attachment-codevz_600_600\" alt=\"025A4458\" loading=\"lazy\" \/><div class=\"cz_grid_details\"><i class=\"fa fa-search cz_grid_icon\"><\/i><\/div><\/a><\/div><\/div><div class=\"cz_grid_item \"><div data-title=\"025A4463\"><a class=\"cz_grid_link \" href=\"https:\/\/www.cafezone.com.tr\/wp-content\/uploads\/2024\/09\/025A4463.jpg\" data-xtra-lightbox><img decoding=\"async\" width=\"600\" height=\"506\" src=\"https:\/\/www.cafezone.com.tr\/wp-content\/uploads\/2024\/09\/025A4463-600x506.jpg\" class=\"attachment-codevz_600_600\" alt=\"025A4463\" loading=\"lazy\" \/><div class=\"cz_grid_details\"><i class=\"fa fa-search cz_grid_icon\"><\/i><\/div><\/a><\/div><\/div><div class=\"cz_grid_item \"><div data-title=\"025A4470\"><a class=\"cz_grid_link \" href=\"https:\/\/www.cafezone.com.tr\/wp-content\/uploads\/2024\/09\/025A4470.jpg\" data-xtra-lightbox><img decoding=\"async\" width=\"600\" height=\"506\" src=\"https:\/\/www.cafezone.com.tr\/wp-content\/uploads\/2024\/09\/025A4470-600x506.jpg\" class=\"attachment-codevz_600_600\" alt=\"025A4470\" loading=\"lazy\" \/><div class=\"cz_grid_details\"><i class=\"fa fa-search cz_grid_icon\"><\/i><\/div><\/a><\/div><\/div><div class=\"cz_grid_item \"><div data-title=\"025A4482\"><a class=\"cz_grid_link \" href=\"https:\/\/www.cafezone.com.tr\/wp-content\/uploads\/2024\/09\/025A4482.jpg\" data-xtra-lightbox><img decoding=\"async\" width=\"600\" height=\"506\" src=\"https:\/\/www.cafezone.com.tr\/wp-content\/uploads\/2024\/09\/025A4482-600x506.jpg\" class=\"attachment-codevz_600_600\" alt=\"025A4482\" loading=\"lazy\" \/><div class=\"cz_grid_details\"><i class=\"fa fa-search cz_grid_icon\"><\/i><\/div><\/a><\/div><\/div><div class=\"cz_grid_item \"><div data-title=\"025A4487\"><a class=\"cz_grid_link \" href=\"https:\/\/www.cafezone.com.tr\/wp-content\/uploads\/2024\/09\/025A4487.jpg\" data-xtra-lightbox><img decoding=\"async\" width=\"600\" height=\"506\" src=\"https:\/\/www.cafezone.com.tr\/wp-content\/uploads\/2024\/09\/025A4487-600x506.jpg\" class=\"attachment-codevz_600_600\" alt=\"025A4487\" loading=\"lazy\" \/><div class=\"cz_grid_details\"><i class=\"fa fa-search cz_grid_icon\"><\/i><\/div><\/a><\/div><\/div><div class=\"cz_grid_item \"><div data-title=\"025A4489\"><a class=\"cz_grid_link \" href=\"https:\/\/www.cafezone.com.tr\/wp-content\/uploads\/2024\/09\/025A4489.jpg\" data-xtra-lightbox><img decoding=\"async\" width=\"600\" height=\"506\" src=\"https:\/\/www.cafezone.com.tr\/wp-content\/uploads\/2024\/09\/025A4489-600x506.jpg\" class=\"attachment-codevz_600_600\" alt=\"025A4489\" loading=\"lazy\" \/><div class=\"cz_grid_details\"><i class=\"fa fa-search cz_grid_icon\"><\/i><\/div><\/a><\/div><\/div><div class=\"cz_grid_item \"><div data-title=\"025A4500\"><a class=\"cz_grid_link \" href=\"https:\/\/www.cafezone.com.tr\/wp-content\/uploads\/2024\/09\/025A4500.jpg\" data-xtra-lightbox><img decoding=\"async\" width=\"600\" height=\"506\" src=\"https:\/\/www.cafezone.com.tr\/wp-content\/uploads\/2024\/09\/025A4500-600x506.jpg\" class=\"attachment-codevz_600_600\" alt=\"025A4500\" loading=\"lazy\" \/><div class=\"cz_grid_details\"><i class=\"fa fa-search cz_grid_icon\"><\/i><\/div><\/a><\/div><\/div><div class=\"cz_grid_item \"><div data-title=\"025A4509\"><a class=\"cz_grid_link \" href=\"https:\/\/www.cafezone.com.tr\/wp-content\/uploads\/2024\/09\/025A4509.jpg\" data-xtra-lightbox><img decoding=\"async\" width=\"600\" height=\"506\" src=\"https:\/\/www.cafezone.com.tr\/wp-content\/uploads\/2024\/09\/025A4509-600x506.jpg\" class=\"attachment-codevz_600_600\" alt=\"025A4509\" loading=\"lazy\" \/><div class=\"cz_grid_details\"><i class=\"fa fa-search cz_grid_icon\"><\/i><\/div><\/a><\/div><\/div><div class=\"cz_grid_item \"><div data-title=\"025A4514\"><a class=\"cz_grid_link \" href=\"https:\/\/www.cafezone.com.tr\/wp-content\/uploads\/2024\/09\/025A4514.jpg\" data-xtra-lightbox><img decoding=\"async\" width=\"600\" height=\"506\" src=\"https:\/\/www.cafezone.com.tr\/wp-content\/uploads\/2024\/09\/025A4514-600x506.jpg\" class=\"attachment-codevz_600_600\" alt=\"025A4514\" loading=\"lazy\" \/><div class=\"cz_grid_details\"><i class=\"fa fa-search cz_grid_icon\"><\/i><\/div><\/a><\/div><\/div><div class=\"cz_grid_item \"><div data-title=\"025A4520\"><a class=\"cz_grid_link \" href=\"https:\/\/www.cafezone.com.tr\/wp-content\/uploads\/2024\/09\/025A4520.jpg\" data-xtra-lightbox><img decoding=\"async\" width=\"600\" height=\"506\" src=\"https:\/\/www.cafezone.com.tr\/wp-content\/uploads\/2024\/09\/025A4520-600x506.jpg\" class=\"attachment-codevz_600_600\" alt=\"025A4520\" loading=\"lazy\" \/><div class=\"cz_grid_details\"><i class=\"fa fa-search cz_grid_icon\"><\/i><\/div><\/a><\/div><\/div><div class=\"cz_grid_item \"><div data-title=\"025A4532\"><a class=\"cz_grid_link \" href=\"https:\/\/www.cafezone.com.tr\/wp-content\/uploads\/2024\/09\/025A4532.jpg\" data-xtra-lightbox><img decoding=\"async\" width=\"600\" height=\"506\" src=\"https:\/\/www.cafezone.com.tr\/wp-content\/uploads\/2024\/09\/025A4532-600x506.jpg\" class=\"attachment-codevz_600_600\" alt=\"025A4532\" loading=\"lazy\" \/><div class=\"cz_grid_details\"><i class=\"fa fa-search cz_grid_icon\"><\/i><\/div><\/a><\/div><\/div><div class=\"cz_grid_item \"><div data-title=\"025A4536\"><a class=\"cz_grid_link \" href=\"https:\/\/www.cafezone.com.tr\/wp-content\/uploads\/2024\/09\/025A4536.jpg\" data-xtra-lightbox><img decoding=\"async\" width=\"600\" height=\"506\" src=\"https:\/\/www.cafezone.com.tr\/wp-content\/uploads\/2024\/09\/025A4536-600x506.jpg\" class=\"attachment-codevz_600_600\" alt=\"025A4536\" loading=\"lazy\" \/><div class=\"cz_grid_details\"><i class=\"fa fa-search cz_grid_icon\"><\/i><\/div><\/a><\/div><\/div><div class=\"cz_grid_item \"><div data-title=\"025A4543\"><a class=\"cz_grid_link \" href=\"https:\/\/www.cafezone.com.tr\/wp-content\/uploads\/2024\/09\/025A4543.jpg\" data-xtra-lightbox><img decoding=\"async\" width=\"600\" height=\"506\" src=\"https:\/\/www.cafezone.com.tr\/wp-content\/uploads\/2024\/09\/025A4543-600x506.jpg\" class=\"attachment-codevz_600_600\" alt=\"025A4543\" loading=\"lazy\" \/><div class=\"cz_grid_details\"><i class=\"fa fa-search cz_grid_icon\"><\/i><\/div><\/a><\/div><\/div><div class=\"cz_grid_item \"><div data-title=\"025A4545\"><a class=\"cz_grid_link \" href=\"https:\/\/www.cafezone.com.tr\/wp-content\/uploads\/2024\/09\/025A4545.jpg\" data-xtra-lightbox><img decoding=\"async\" width=\"600\" height=\"506\" src=\"https:\/\/www.cafezone.com.tr\/wp-content\/uploads\/2024\/09\/025A4545-600x506.jpg\" class=\"attachment-codevz_600_600\" alt=\"025A4545\" loading=\"lazy\" \/><div class=\"cz_grid_details\"><i class=\"fa fa-search cz_grid_icon\"><\/i><\/div><\/a><\/div><\/div><div class=\"cz_grid_item \"><div data-title=\"025A4551\"><a class=\"cz_grid_link \" href=\"https:\/\/www.cafezone.com.tr\/wp-content\/uploads\/2024\/09\/025A4551.jpg\" data-xtra-lightbox><img decoding=\"async\" width=\"600\" height=\"506\" src=\"https:\/\/www.cafezone.com.tr\/wp-content\/uploads\/2024\/09\/025A4551-600x506.jpg\" class=\"attachment-codevz_600_600\" alt=\"025A4551\" loading=\"lazy\" \/><div class=\"cz_grid_details\"><i class=\"fa fa-search cz_grid_icon\"><\/i><\/div><\/a><\/div><\/div><div class=\"cz_grid_item \"><div data-title=\"025A4558\"><a class=\"cz_grid_link \" href=\"https:\/\/www.cafezone.com.tr\/wp-content\/uploads\/2024\/09\/025A4558.jpg\" data-xtra-lightbox><img decoding=\"async\" width=\"600\" height=\"506\" src=\"https:\/\/www.cafezone.com.tr\/wp-content\/uploads\/2024\/09\/025A4558-600x506.jpg\" class=\"attachment-codevz_600_600\" alt=\"025A4558\" loading=\"lazy\" \/><div class=\"cz_grid_details\"><i class=\"fa fa-search cz_grid_icon\"><\/i><\/div><\/a><\/div><\/div><div class=\"cz_grid_item \"><div data-title=\"025A4563\"><a class=\"cz_grid_link \" href=\"https:\/\/www.cafezone.com.tr\/wp-content\/uploads\/2024\/09\/025A4563.jpg\" data-xtra-lightbox><img decoding=\"async\" width=\"600\" height=\"506\" src=\"https:\/\/www.cafezone.com.tr\/wp-content\/uploads\/2024\/09\/025A4563-600x506.jpg\" class=\"attachment-codevz_600_600\" alt=\"025A4563\" loading=\"lazy\" \/><div class=\"cz_grid_details\"><i class=\"fa fa-search cz_grid_icon\"><\/i><\/div><\/a><\/div><\/div><div class=\"cz_grid_item \"><div data-title=\"025A4570\"><a class=\"cz_grid_link \" href=\"https:\/\/www.cafezone.com.tr\/wp-content\/uploads\/2024\/09\/025A4570.jpg\" data-xtra-lightbox><img decoding=\"async\" width=\"600\" height=\"506\" src=\"https:\/\/www.cafezone.com.tr\/wp-content\/uploads\/2024\/09\/025A4570-600x506.jpg\" class=\"attachment-codevz_600_600\" alt=\"025A4570\" loading=\"lazy\" \/><div class=\"cz_grid_details\"><i class=\"fa fa-search cz_grid_icon\"><\/i><\/div><\/a><\/div><\/div><div class=\"cz_grid_item \"><div data-title=\"025A4574\"><a class=\"cz_grid_link \" href=\"https:\/\/www.cafezone.com.tr\/wp-content\/uploads\/2024\/09\/025A4574.jpg\" data-xtra-lightbox><img decoding=\"async\" width=\"600\" height=\"506\" src=\"https:\/\/www.cafezone.com.tr\/wp-content\/uploads\/2024\/09\/025A4574-600x506.jpg\" class=\"attachment-codevz_600_600\" alt=\"025A4574\" loading=\"lazy\" \/><div class=\"cz_grid_details\"><i class=\"fa fa-search cz_grid_icon\"><\/i><\/div><\/a><\/div><\/div><div class=\"cz_grid_item \"><div data-title=\"025A4580\"><a class=\"cz_grid_link \" href=\"https:\/\/www.cafezone.com.tr\/wp-content\/uploads\/2024\/09\/025A4580.jpg\" data-xtra-lightbox><img decoding=\"async\" width=\"600\" height=\"506\" src=\"https:\/\/www.cafezone.com.tr\/wp-content\/uploads\/2024\/09\/025A4580-600x506.jpg\" class=\"attachment-codevz_600_600\" alt=\"025A4580\" loading=\"lazy\" \/><div class=\"cz_grid_details\"><i class=\"fa fa-search cz_grid_icon\"><\/i><\/div><\/a><\/div><\/div><div class=\"cz_grid_item \"><div data-title=\"025A4591\"><a class=\"cz_grid_link \" href=\"https:\/\/www.cafezone.com.tr\/wp-content\/uploads\/2024\/09\/025A4591.jpg\" data-xtra-lightbox><img decoding=\"async\" width=\"600\" height=\"506\" src=\"https:\/\/www.cafezone.com.tr\/wp-content\/uploads\/2024\/09\/025A4591-600x506.jpg\" class=\"attachment-codevz_600_600\" alt=\"025A4591\" loading=\"lazy\" \/><div class=\"cz_grid_details\"><i class=\"fa fa-search cz_grid_icon\"><\/i><\/div><\/a><\/div><\/div><div class=\"cz_grid_item \"><div data-title=\"025A4592\"><a class=\"cz_grid_link \" href=\"https:\/\/www.cafezone.com.tr\/wp-content\/uploads\/2024\/09\/025A4592.jpg\" data-xtra-lightbox><img decoding=\"async\" width=\"600\" height=\"504\" src=\"https:\/\/www.cafezone.com.tr\/wp-content\/uploads\/2024\/09\/025A4592-600x504.jpg\" class=\"attachment-codevz_600_600\" alt=\"025A4592\" loading=\"lazy\" \/><div class=\"cz_grid_details\"><i class=\"fa fa-search cz_grid_icon\"><\/i><\/div><\/a><\/div><\/div><div class=\"cz_grid_item \"><div data-title=\"025A4601\"><a class=\"cz_grid_link \" href=\"https:\/\/www.cafezone.com.tr\/wp-content\/uploads\/2024\/09\/025A4601.jpg\" data-xtra-lightbox><img decoding=\"async\" width=\"600\" height=\"506\" src=\"https:\/\/www.cafezone.com.tr\/wp-content\/uploads\/2024\/09\/025A4601-600x506.jpg\" class=\"attachment-codevz_600_600\" alt=\"025A4601\" loading=\"lazy\" \/><div class=\"cz_grid_details\"><i class=\"fa fa-search cz_grid_icon\"><\/i><\/div><\/a><\/div><\/div><div class=\"cz_grid_item \"><div data-title=\"025A4603\"><a class=\"cz_grid_link \" href=\"https:\/\/www.cafezone.com.tr\/wp-content\/uploads\/2024\/09\/025A4603.jpg\" data-xtra-lightbox><img decoding=\"async\" width=\"600\" height=\"506\" src=\"https:\/\/www.cafezone.com.tr\/wp-content\/uploads\/2024\/09\/025A4603-600x506.jpg\" class=\"attachment-codevz_600_600\" alt=\"025A4603\" loading=\"lazy\" \/><div class=\"cz_grid_details\"><i class=\"fa fa-search cz_grid_icon\"><\/i><\/div><\/a><\/div><\/div><div class=\"cz_grid_item \"><div data-title=\"025A4609\"><a class=\"cz_grid_link \" href=\"https:\/\/www.cafezone.com.tr\/wp-content\/uploads\/2024\/09\/025A4609.jpg\" data-xtra-lightbox><img decoding=\"async\" width=\"600\" height=\"506\" src=\"https:\/\/www.cafezone.com.tr\/wp-content\/uploads\/2024\/09\/025A4609-600x506.jpg\" class=\"attachment-codevz_600_600\" alt=\"025A4609\" loading=\"lazy\" \/><div class=\"cz_grid_details\"><i class=\"fa fa-search cz_grid_icon\"><\/i><\/div><\/a><\/div><\/div><div class=\"cz_grid_item \"><div data-title=\"025A4614\"><a class=\"cz_grid_link \" href=\"https:\/\/www.cafezone.com.tr\/wp-content\/uploads\/2024\/09\/025A4614.jpg\" data-xtra-lightbox><img decoding=\"async\" width=\"600\" height=\"506\" src=\"https:\/\/www.cafezone.com.tr\/wp-content\/uploads\/2024\/09\/025A4614-600x506.jpg\" class=\"attachment-codevz_600_600\" alt=\"025A4614\" loading=\"lazy\" \/><div class=\"cz_grid_details\"><i class=\"fa fa-search cz_grid_icon\"><\/i><\/div><\/a><\/div><\/div><div class=\"cz_grid_item \"><div data-title=\"025A4623\"><a class=\"cz_grid_link \" href=\"https:\/\/www.cafezone.com.tr\/wp-content\/uploads\/2024\/09\/025A4623.jpg\" data-xtra-lightbox><img decoding=\"async\" width=\"600\" height=\"496\" src=\"https:\/\/www.cafezone.com.tr\/wp-content\/uploads\/2024\/09\/025A4623-600x496.jpg\" class=\"attachment-codevz_600_600\" alt=\"025A4623\" loading=\"lazy\" \/><div class=\"cz_grid_details\"><i class=\"fa fa-search cz_grid_icon\"><\/i><\/div><\/a><\/div><\/div><div class=\"cz_grid_item \"><div data-title=\"025A4631\"><a class=\"cz_grid_link \" href=\"https:\/\/www.cafezone.com.tr\/wp-content\/uploads\/2024\/09\/025A4631.jpg\" data-xtra-lightbox><img decoding=\"async\" width=\"600\" height=\"506\" src=\"https:\/\/www.cafezone.com.tr\/wp-content\/uploads\/2024\/09\/025A4631-600x506.jpg\" class=\"attachment-codevz_600_600\" alt=\"025A4631\" loading=\"lazy\" \/><div class=\"cz_grid_details\"><i class=\"fa fa-search cz_grid_icon\"><\/i><\/div><\/a><\/div><\/div><div class=\"cz_grid_item \"><div data-title=\"025A4634\"><a class=\"cz_grid_link \" href=\"https:\/\/www.cafezone.com.tr\/wp-content\/uploads\/2024\/09\/025A4634.jpg\" data-xtra-lightbox><img decoding=\"async\" width=\"600\" height=\"506\" src=\"https:\/\/www.cafezone.com.tr\/wp-content\/uploads\/2024\/09\/025A4634-600x506.jpg\" class=\"attachment-codevz_600_600\" alt=\"025A4634\" loading=\"lazy\" \/><div class=\"cz_grid_details\"><i class=\"fa fa-search cz_grid_icon\"><\/i><\/div><\/a><\/div><\/div><div class=\"cz_grid_item \"><div data-title=\"025A4640\"><a class=\"cz_grid_link \" href=\"https:\/\/www.cafezone.com.tr\/wp-content\/uploads\/2024\/09\/025A4640.jpg\" data-xtra-lightbox><img decoding=\"async\" width=\"600\" height=\"506\" src=\"https:\/\/www.cafezone.com.tr\/wp-content\/uploads\/2024\/09\/025A4640-600x506.jpg\" class=\"attachment-codevz_600_600\" alt=\"025A4640\" loading=\"lazy\" \/><div class=\"cz_grid_details\"><i class=\"fa fa-search cz_grid_icon\"><\/i><\/div><\/a><\/div><\/div><div class=\"cz_grid_item \"><div data-title=\"025A4647\"><a class=\"cz_grid_link \" href=\"https:\/\/www.cafezone.com.tr\/wp-content\/uploads\/2024\/09\/025A4647.jpg\" data-xtra-lightbox><img decoding=\"async\" width=\"600\" height=\"506\" src=\"https:\/\/www.cafezone.com.tr\/wp-content\/uploads\/2024\/09\/025A4647-600x506.jpg\" class=\"attachment-codevz_600_600\" alt=\"025A4647\" loading=\"lazy\" \/><div class=\"cz_grid_details\"><i class=\"fa fa-search cz_grid_icon\"><\/i><\/div><\/a><\/div><\/div><div class=\"cz_grid_item \"><div data-title=\"025A4653\"><a class=\"cz_grid_link \" href=\"https:\/\/www.cafezone.com.tr\/wp-content\/uploads\/2024\/09\/025A4653.jpg\" data-xtra-lightbox><img decoding=\"async\" width=\"600\" height=\"506\" src=\"https:\/\/www.cafezone.com.tr\/wp-content\/uploads\/2024\/09\/025A4653-600x506.jpg\" class=\"attachment-codevz_600_600\" alt=\"025A4653\" loading=\"lazy\" \/><div class=\"cz_grid_details\"><i class=\"fa fa-search cz_grid_icon\"><\/i><\/div><\/a><\/div><\/div><div class=\"cz_grid_item \"><div data-title=\"025A4663\"><a class=\"cz_grid_link \" href=\"https:\/\/www.cafezone.com.tr\/wp-content\/uploads\/2024\/09\/025A4663.jpg\" data-xtra-lightbox><img decoding=\"async\" width=\"600\" height=\"506\" src=\"https:\/\/www.cafezone.com.tr\/wp-content\/uploads\/2024\/09\/025A4663-600x506.jpg\" class=\"attachment-codevz_600_600\" alt=\"025A4663\" loading=\"lazy\" \/><div class=\"cz_grid_details\"><i class=\"fa fa-search cz_grid_icon\"><\/i><\/div><\/a><\/div><\/div><div class=\"cz_grid_item \"><div data-title=\"025A4666\"><a class=\"cz_grid_link \" href=\"https:\/\/www.cafezone.com.tr\/wp-content\/uploads\/2024\/09\/025A4666.jpg\" data-xtra-lightbox><img decoding=\"async\" width=\"600\" height=\"506\" src=\"https:\/\/www.cafezone.com.tr\/wp-content\/uploads\/2024\/09\/025A4666-600x506.jpg\" class=\"attachment-codevz_600_600\" alt=\"025A4666\" loading=\"lazy\" \/><div class=\"cz_grid_details\"><i class=\"fa fa-search cz_grid_icon\"><\/i><\/div><\/a><\/div><\/div><\/div><\/div>[\/vc_column][\/vc_row][vc_row full_width=&#8221;stretch_row_content&#8221; el_class=&#8221;no_padding&#8221;][vc_column]<div class=\"cz_btn_block\"><div class=\"cz_95512_p\"><a id=\"cz_95512\" class=\"cz_95512 cz_btn cz_btn_txt_no_fx cz_btn_no_fx\" href=\"tel:+902122966590\"><span><i class=\"fa fa-volume-control-phone\"><\/i><strong>Sipari\u015f \u0130\u00e7in: 0212 296 65 90 \/ 91<\/strong><\/span><b class=\"cz_btn_onhover\"><i class=\"fa fa-volume-control-phone\"><\/i><strong>Sipari\u015f \u0130\u00e7in: 0212 296 65 90 \/ 91<\/strong><\/b><\/a><\/div><\/div>[\/vc_column][\/vc_row]<\/p>\n<\/div>","protected":false},"excerpt":{"rendered":"[vc_row][vc_column][\/vc_column][\/vc_row][vc_row full_width=\"stretch_row_content\" el_class=\"no_padding\"][vc_column]Sipari\u015f \u0130\u00e7in: 0212 296 65 90 \/ 91Sipari\u015f \u0130\u00e7in: 0212 296 65 90 \/ 91[\/vc_column][\/vc_row]","protected":false},"author":1,"featured_media":0,"parent":0,"menu_order":0,"comment_status":"closed","ping_status":"closed","template":"","meta":{"footnotes":""},"class_list":["post-4105","page","type-page","status-publish","hentry"],"_links":{"self":[{"href":"https:\/\/www.cafezone.com.tr\/en\/wp-json\/wp\/v2\/pages\/4105","targetHints":{"allow":["GET"]}}],"collection":[{"href":"https:\/\/www.cafezone.com.tr\/en\/wp-json\/wp\/v2\/pages"}],"about":[{"href":"https:\/\/www.cafezone.com.tr\/en\/wp-json\/wp\/v2\/types\/page"}],"author":[{"embeddable":true,"href":"https:\/\/www.cafezone.com.tr\/en\/wp-json\/wp\/v2\/users\/1"}],"replies":[{"embeddable":true,"href":"https:\/\/www.cafezone.com.tr\/en\/wp-json\/wp\/v2\/comments?post=4105"}],"version-history":[{"count":0,"href":"https:\/\/www.cafezone.com.tr\/en\/wp-json\/wp\/v2\/pages\/4105\/revisions"}],"wp:attachment":[{"href":"https:\/\/www.cafezone.com.tr\/en\/wp-json\/wp\/v2\/media?parent=4105"}],"curies":[{"name":"wp","href":"https:\/\/api.w.org\/{rel}","templated":true}]}}