{"id":4107,"date":"2026-02-12T21:59:16","date_gmt":"2026-02-12T18:59:16","guid":{"rendered":"https:\/\/www.cafezone.com.tr\/iletisim\/"},"modified":"2026-02-12T21:59:16","modified_gmt":"2026-02-12T18:59:16","slug":"contact","status":"publish","type":"page","link":"https:\/\/www.cafezone.com.tr\/en\/contact\/","title":{"rendered":"Contact"},"content":{"rendered":"<div class=\"wpb-content-wrapper\"><p>[vc_row][vc_column width=&#8221;1\/3&#8243;]<div id=\"cz_33791\" class=\"cz_33791 cz_title clr cz_title_has_icon cz_title_pos_inline\"><div class=\"cz_title_content\"><i class=\"cz_title_icon_before fa fa-volume-control-phone\"><\/i><div class=\"cz_wpe_content\"><h4>Phone<\/h4>\n<p>0212 296 65 90 \/ 91<\/p>\n<p>0(538) 290 48 28<\/p>\n<\/div><\/div><\/div>[\/vc_column][vc_column width=&#8221;1\/3&#8243;]<div id=\"cz_107215\" class=\"cz_107215 cz_title clr cz_title_has_icon cz_title_pos_inline\"><div class=\"cz_title_content\"><i class=\"cz_title_icon_before fas fa-envelope\"><\/i><div class=\"cz_wpe_content\"><h4>Email<\/h4>\n<p>info@cafezone.com.tr<\/p>\n<\/div><\/div><\/div>[\/vc_column][vc_column width=&#8221;1\/3&#8243;]<div id=\"cz_15280\" class=\"cz_15280 cz_title clr cz_title_has_icon cz_title_pos_inline\"><a><div class=\"cz_title_content\"><i class=\"cz_title_icon_before fa fa-map-marker\"><\/i><div class=\"cz_wpe_content\"><h4>Address<\/h4>\n<p>Kuyumcu \u0130rfan Sok. No: 3B<br \/>\nNi\u015fanta\u015f\u0131 \/ \u0130stanbul<\/p>\n<\/div><\/div><\/a><\/div><div class=\"cz_gap clr  hide_on_tablet hide_on_mobile\" style=\"height: 50px\"><\/div><div class=\"cz_gap show_on_tablet clr \" style=\"height: 30px\"><\/div>[\/vc_column][\/vc_row][vc_row content_placement=&#8221;middle&#8221;][vc_column width=&#8221;1\/2&#8243;][vc_raw_html css=&#8221;&#8221;]PGNlbnRlcj48bGluayBocmVmPSJodHRwczovL2F3YXJkcy5pbmZjZG4ubmV0L3JfZ29sZC5jc3MiIHJlbD0ic3R5bGVzaGVldCIvPjxkaXYgaWQ9InItZ29sZCIgb25jbGljaz0iaWYoZXZlbnQudGFyZ2V0Lm5vZGVOYW1lLnRvTG93ZXJDYXNlKCkgIT0gJ2EnKSB7d2luZG93Lm9wZW4odGhpcy5xdWVyeVNlbGVjdG9yKCcuci1nb2xkX3ItbGluaycpLmhyZWYpO3JldHVybiAwO30iPiA8ZGl2IGNsYXNzPSJyLWdvbGRfX2lubmVyIj4gPGEgaHJlZj0iaHR0cHM6Ly9yZXN0YXVyYW50Z3VydS5jb20vQ2FmZS1ab25lLUlzdGFuYnVsIiBjbGFzcz0ici1nb2xkX3ItbGluayIgdGFyZ2V0PSJfYmxhbmsiPkNhZmUgWm9uZTwvYT4gPGRpdiBjbGFzcz0ici1nb2xkX2NlbnRlciI+UmVjb21tZW5kZWQ8L2Rpdj4gPGEgaHJlZj0iaHR0cHM6Ly9yZXN0YXVyYW50Z3VydS5jb20iIGNsYXNzPSJyLWdvbGRfX2xpbmsiIHRhcmdldD0iX2JsYW5rIj5SZXN0YXVyYW50IEd1cnU8L2E+IDxkaXYgY2xhc3M9InItZ29sZF95ZWFyIj4yMDIzPC9kaXY+IDwvZGl2PjwvZGl2PjwvY2VudGVyPg==[\/vc_raw_html][\/vc_column][vc_column width=&#8221;1\/2&#8243;][vc_message message_box_color=&#8221;black&#8221; css=&#8221;&#8221;]Open every day except Sundays from <strong>11:00 to 02:00.<\/strong><\/p>\n<p>Takeaway service is available.<br \/>\nCredit cards and all meal vouchers are accepted.[\/vc_message][\/vc_column][\/vc_row][vc_row content_placement=&#8221;middle&#8221; css=&#8221;.vc_custom_1584011598023{background-position: center !important;background-repeat: no-repeat !important;background-size: cover !important;}&#8221;][vc_column width=&#8221;1\/2&#8243;]<div class=\"cz_eqh cz_content_box_parent_fx  \"><div id=\"cz_97511\" class=\"cz_97511 cz_content_box clr\"><div class=\"cz_box_front clr\"><div class=\"cz_box_front_inner clr \"><span><\/span><div><div id=\"cz_79377\" class=\"cz_79377 cz_title clr cz_title_ba_line cz_title_pos_inline\"><div class=\"cz_title_content\"><div class=\"cz_wpe_content\"><h3>Contact Us<\/h3>\n<\/div><div class=\"cz_title_line cz_line_after_title\"><span>_<\/span><\/div><\/div><\/div><div class=\"cz_gap clr \" style=\"height: 50px\"><\/div><div id=\"cz_90055\" class=\"cz_90055 cz_cf7 clr\"><div>\n<div class=\"wpcf7 no-js\" id=\"wpcf7-f4119-o1\" lang=\"tr-TR\" dir=\"ltr\" data-wpcf7-id=\"4119\">\n<div class=\"screen-reader-response\"><p role=\"status\" aria-live=\"polite\" aria-atomic=\"true\"><\/p> <ul><\/ul><\/div>\n<form action=\"\/en\/wp-json\/wp\/v2\/pages\/4107#wpcf7-f4119-o1\" method=\"post\" class=\"wpcf7-form init\" aria-label=\"\u0130leti\u015fim Formu\" novalidate=\"novalidate\" data-status=\"init\">\n<fieldset class=\"hidden-fields-container\"><input type=\"hidden\" name=\"_wpcf7\" value=\"4119\" \/><input type=\"hidden\" name=\"_wpcf7_version\" value=\"6.1.5\" \/><input type=\"hidden\" name=\"_wpcf7_locale\" value=\"tr_TR\" \/><input type=\"hidden\" name=\"_wpcf7_unit_tag\" value=\"wpcf7-f4119-o1\" \/><input type=\"hidden\" name=\"_wpcf7_container_post\" value=\"0\" \/><input type=\"hidden\" name=\"_wpcf7_posted_data_hash\" value=\"\" \/>\n<\/fieldset>\n<p><span class=\"wpcf7-form-control-wrap\" data-name=\"your-name\"><input size=\"40\" maxlength=\"400\" class=\"wpcf7-form-control wpcf7-text wpcf7-validates-as-required\" aria-required=\"true\" aria-invalid=\"false\" placeholder=\"Name (*)\" value=\"\" type=\"text\" name=\"your-name\" \/><\/span>\n<\/p>\n<p><span class=\"wpcf7-form-control-wrap\" data-name=\"your-email\"><input size=\"40\" maxlength=\"400\" class=\"wpcf7-form-control wpcf7-email wpcf7-validates-as-required wpcf7-text wpcf7-validates-as-email\" aria-required=\"true\" aria-invalid=\"false\" placeholder=\"E-mail (*)\" value=\"\" type=\"email\" name=\"your-email\" \/><\/span>\n<\/p>\n<p><span class=\"wpcf7-form-control-wrap\" data-name=\"your-message\"><textarea cols=\"40\" rows=\"10\" maxlength=\"2000\" class=\"wpcf7-form-control wpcf7-textarea\" aria-invalid=\"false\" placeholder=\"Your Message\" name=\"your-message\"><\/textarea><\/span>\n<\/p>\n<p><input class=\"wpcf7-form-control wpcf7-submit has-spinner\" type=\"submit\" value=\"SEND\" \/>\n<\/p><div class=\"wpcf7-response-output\" aria-hidden=\"true\"><\/div>\n<\/form>\n<\/div>\n<\/div><\/div><\/div><\/div><\/div><\/div><\/div>[\/vc_column][vc_column width=&#8221;1\/2&#8243; offset=&#8221;vc_col-xs-12&#8243;][vc_raw_html css=&#8221;&#8221;]JTNDaWZyYW1lJTIwc3JjJTNEJTIyaHR0cHMlM0ElMkYlMkZ3d3cuZ29vZ2xlLmNvbSUyRm1hcHMlMkZlbWJlZCUzRnBiJTNEJTIxMW0xOCUyMTFtMTIlMjExbTMlMjExZDMwMDguODEyNTEyMDU5MDQ4JTIxMmQyOC45ODc1MDEwNzY2Mzc5NSUyMTNkNDEuMDUxMjI4OTcxMzQ0NjUlMjEybTMlMjExZjAlMjEyZjAlMjEzZjAlMjEzbTIlMjExaTEwMjQlMjEyaTc2OCUyMTRmMTMuMSUyMTNtMyUyMTFtMiUyMTFzMHgxNGNhYjcwZGQ3MGNlZjkxJTI1M0EweDE5MmQzMDc2NmY5OTY3MmUlMjEyc0NhZmUlMjUyMFpvbmUlMjUyMC0lMjUyMFJlc3RhdXJhbnQlMjUyMCUyNTI2JTI1MjBCYXIlMjE1ZTAlMjEzbTIlMjExc3RyJTIxMnN0ciUyMTR2MTcyODY4MDY3MDgxMSUyMTVtMiUyMTFzdHIlMjEyc3RyJTIyJTIwd2lkdGglM0QlMjI2MDAlMjIlMjBoZWlnaHQlM0QlMjI0NTAlMjIlMjBzdHlsZSUzRCUyMmJvcmRlciUzQTAlM0IlMjIlMjBhbGxvd2Z1bGxzY3JlZW4lM0QlMjIlMjIlMjBsb2FkaW5nJTNEJTIybGF6eSUyMiUyMHJlZmVycmVycG9saWN5JTNEJTIybm8tcmVmZXJyZXItd2hlbi1kb3duZ3JhZGUlMjIlM0UlM0MlMkZpZnJhbWUlM0U=[\/vc_raw_html][\/vc_column][\/vc_row][vc_row][vc_column]<div class=\"cz_gap clr  hide_on_tablet hide_on_mobile\" style=\"height: 100px\"><\/div><div class=\"cz_gap show_on_tablet clr \" style=\"height: 50px\"><\/div>[\/vc_column][\/vc_row][vc_row full_width=&#8221;stretch_row_content&#8221; el_class=&#8221;no_padding&#8221;][vc_column][\/vc_column][\/vc_row]<\/p>\n<\/div>","protected":false},"excerpt":{"rendered":"<p>PGNlbnRlcj48bGluayBocmVmPSJodHRwczovL2F3YXJkcy5pbmZjZG4ubmV0L3JfZ29sZC5jc3MiIHJlbD0ic3R5bGVzaGVldCIvPjxkaXYgaWQ9InItZ29sZCIgb25jbGljaz0iaWYoZXZlbnQudGFyZ2V0Lm5vZGVOYW1lLnRvTG93ZXJDYXNlKCkgIT0gJ2EnKSB7d2luZG93Lm9wZW4odGhpcy5xdWVyeVNlbGVjdG9yKCcuci1nb2xkX3ItbGluaycpLmhyZWYpO3JldHVybiAwO30iPiA8ZGl2IGNsYXNzPSJyLWdvbGRfX2lubmVyIj4gPGEgaHJlZj0iaHR0cHM6Ly9yZXN0YXVyYW50Z3VydS5jb20vQ2FmZS1ab25lLUlzdGFuYnVsIiBjbGFzcz0ici1nb2xkX3ItbGluayIgdGFyZ2V0PSJfYmxhbmsiPkNhZmUgWm9uZTwvYT4gPGRpdiBjbGFzcz0ici1nb2xkX2NlbnRlciI+UmVjb21tZW5kZWQ8L2Rpdj4gPGEgaHJlZj0iaHR0cHM6Ly9yZXN0YXVyYW50Z3VydS5jb20iIGNsYXNzPSJyLWdvbGRfX2xpbmsiIHRhcmdldD0iX2JsYW5rIj5SZXN0YXVyYW50IEd1cnU8L2E+IDxkaXYgY2xhc3M9InItZ29sZF95ZWFyIj4yMDIzPC9kaXY+IDwvZGl2PjwvZGl2PjwvY2VudGVyPg==Open every day except Sundays from 11:00 to 02:00. Takeaway service &#8230; <\/p>\n","protected":false},"author":1,"featured_media":0,"parent":0,"menu_order":0,"comment_status":"closed","ping_status":"closed","template":"","meta":{"footnotes":""},"class_list":["post-4107","page","type-page","status-publish","hentry"],"_links":{"self":[{"href":"https:\/\/www.cafezone.com.tr\/en\/wp-json\/wp\/v2\/pages\/4107","targetHints":{"allow":["GET"]}}],"collection":[{"href":"https:\/\/www.cafezone.com.tr\/en\/wp-json\/wp\/v2\/pages"}],"about":[{"href":"https:\/\/www.cafezone.com.tr\/en\/wp-json\/wp\/v2\/types\/page"}],"author":[{"embeddable":true,"href":"https:\/\/www.cafezone.com.tr\/en\/wp-json\/wp\/v2\/users\/1"}],"replies":[{"embeddable":true,"href":"https:\/\/www.cafezone.com.tr\/en\/wp-json\/wp\/v2\/comments?post=4107"}],"version-history":[{"count":0,"href":"https:\/\/www.cafezone.com.tr\/en\/wp-json\/wp\/v2\/pages\/4107\/revisions"}],"wp:attachment":[{"href":"https:\/\/www.cafezone.com.tr\/en\/wp-json\/wp\/v2\/media?parent=4107"}],"curies":[{"name":"wp","href":"https:\/\/api.w.org\/{rel}","templated":true}]}}