{"id":4141,"date":"2026-02-12T21:59:14","date_gmt":"2026-02-12T18:59:14","guid":{"rendered":"https:\/\/www.cafezone.com.tr\/drinks\/"},"modified":"2026-02-12T21:59:14","modified_gmt":"2026-02-12T18:59:14","slug":"drinks","status":"publish","type":"page","link":"https:\/\/www.cafezone.com.tr\/en\/drinks\/","title":{"rendered":"Drinks"},"content":{"rendered":"<div class=\"wpb-content-wrapper\"><p>[vc_row][vc_column]<div id=\"cz7244\" data-arrows='{\"open\":\"fa fa-angle-down\",\"close\":\"fa fa-angle-up\"}' class=\"cz7244 cz_acc clr\"><div><div id=\"cz_50643\"><span class=\"cz_acc_child\"><div>Cold Drinks<\/div><\/span><div class=\"cz_acc_child_content clr\">[vc_column_text css=&#8221;&#8221;][\/vc_column_text]<\/div><\/div><div id=\"cz_59581\"><span class=\"cz_acc_child\"><div>Hot Drinks<\/div><\/span><div class=\"cz_acc_child_content clr\">[vc_column_text css=&#8221;&#8221;][\/vc_column_text]<\/div><\/div><div id=\"cz_17386\"><span class=\"cz_acc_child\"><div>Caf\u00e9 Zone Special\u2019s<\/div><\/span><div class=\"cz_acc_child_content clr\">[vc_column_text css=&#8221;&#8221;][\/vc_column_text]<\/div><\/div><div id=\"cz_73220\"><span class=\"cz_acc_child\"><div>Alcoholic Frozen Cocktails<\/div><\/span><div class=\"cz_acc_child_content clr\">[vc_column_text css=&#8221;&#8221;][\/vc_column_text]<\/div><\/div><div id=\"cz_93355\"><span class=\"cz_acc_child\"><div>Alcoholic Hot Coffees<\/div><\/span><div class=\"cz_acc_child_content clr\">[vc_column_text css=&#8221;&#8221;][\/vc_column_text]<\/div><\/div><div id=\"cz_89726\"><span class=\"cz_acc_child\"><div>Alcoholic Cold Coffees<\/div><\/span><div class=\"cz_acc_child_content clr\">[vc_column_text css=&#8221;&#8221;][\/vc_column_text]<\/div><\/div><div id=\"cz_108293\"><span class=\"cz_acc_child\"><div>Non-Alcoholic Cold Coffees<\/div><\/span><div class=\"cz_acc_child_content clr\">[vc_column_text css=&#8221;&#8221;][\/vc_column_text]<\/div><\/div><div id=\"cz_26021\"><span class=\"cz_acc_child\"><div>Beers<\/div><\/span><div class=\"cz_acc_child_content clr\">[vc_column_text css=&#8221;&#8221;][\/vc_column_text]<\/div><\/div><div id=\"cz_48484\"><span class=\"cz_acc_child\"><div>Gins<\/div><\/span><div class=\"cz_acc_child_content clr\">[vc_column_text css=&#8221;&#8221;][\/vc_column_text]<\/div><\/div><div id=\"cz_78682\"><span class=\"cz_acc_child\"><div>Champagnes<\/div><\/span><div class=\"cz_acc_child_content clr\">[vc_column_text css=&#8221;&#8221;][\/vc_column_text]<\/div><\/div><div id=\"cz_88617\"><span class=\"cz_acc_child\"><div>Shots<\/div><\/span><div class=\"cz_acc_child_content clr\">[vc_column_text css=&#8221;&#8221;][\/vc_column_text]<\/div><\/div><div id=\"cz_79260\"><span class=\"cz_acc_child\"><div>Vodkas<\/div><\/span><div class=\"cz_acc_child_content clr\">[vc_column_text css=&#8221;&#8221;][\/vc_column_text]<\/div><\/div><div id=\"cz_79336\"><span class=\"cz_acc_child\"><div>Roms<\/div><\/span><div class=\"cz_acc_child_content clr\">[vc_column_text css=&#8221;&#8221;][\/vc_column_text]<\/div><\/div><div id=\"cz_91993\"><span class=\"cz_acc_child\"><div>Martiniler<\/div><\/span><div class=\"cz_acc_child_content clr\">[vc_column_text css=&#8221;&#8221;][\/vc_column_text]<\/div><\/div><div id=\"cz_92255\"><span class=\"cz_acc_child\"><div>Lik\u00f6rler<\/div><\/span><div class=\"cz_acc_child_content clr\">[vc_column_text css=&#8221;&#8221;][\/vc_column_text]<\/div><\/div><div id=\"cz_79721\"><span class=\"cz_acc_child\"><div>Viskiler<\/div><\/span><div class=\"cz_acc_child_content clr\">[vc_column_text css=&#8221;&#8221;][\/vc_column_text]<\/div><\/div><div id=\"cz_62569\"><span class=\"cz_acc_child\"><div>Konyaklar<\/div><\/span><div class=\"cz_acc_child_content clr\">[vc_column_text css=&#8221;&#8221;][\/vc_column_text]<\/div><\/div><div id=\"cz_34380\"><span class=\"cz_acc_child\"><div>Cafe Zone Kokteyller<\/div><\/span><div class=\"cz_acc_child_content clr\">[vc_column_text css=&#8221;&#8221;][\/vc_column_text]<\/div><\/div><div id=\"cz_105752\"><span class=\"cz_acc_child\"><div>Klasik Kokteyller<\/div><\/span><div class=\"cz_acc_child_content clr\">[vc_column_text css=&#8221;&#8221;][\/vc_column_text]<\/div><\/div><div id=\"cz_71458\"><span class=\"cz_acc_child\"><div>Mojito Kokteyller<\/div><\/span><div class=\"cz_acc_child_content clr\">[vc_column_text css=&#8221;&#8221;][\/vc_column_text]<\/div><\/div><div id=\"cz_61867\"><span class=\"cz_acc_child\"><div>Beyaz \u015earaplar<\/div><\/span><div class=\"cz_acc_child_content clr\">[vc_column_text css=&#8221;&#8221;][\/vc_column_text]<\/div><\/div><div id=\"cz_105393\"><span class=\"cz_acc_child\"><div>Rose ve Meyve \u015earaplar\u0131<\/div><\/span><div class=\"cz_acc_child_content clr\">[vc_column_text css=&#8221;&#8221;][\/vc_column_text]<\/div><\/div><div id=\"cz_11701\"><span class=\"cz_acc_child\"><div>K\u0131rm\u0131z\u0131 \u015earaplar<\/div><\/span><div class=\"cz_acc_child_content clr\">[vc_column_text css=&#8221;&#8221;][\/vc_column_text]<\/div><\/div><\/div><\/div>[\/vc_column][\/vc_row]<\/p>\n<\/div>","protected":false},"excerpt":{"rendered":"[vc_row][vc_column]Cold Drinks[vc_column_text css=\"\"][\/vc_column_text]Hot Drinks[vc_column_text css=\"\"][\/vc_column_text]Caf\u00e9 Zone Special\u2019s[vc_column_text css=\"\"][\/vc_column_text]Alcoholic Frozen Cocktails[vc_column_text css=\"\"][\/vc_column_text]Alcoholic Hot Coffees[vc_column_text css=\"\"][\/vc_column_text]Alcoholic Cold Coffees[vc_column_text css=\"\"][\/vc_column_text]Non-Alcoholic Cold Coffees[vc_column_text css=\"\"][\/vc_column_text]Beers[vc_column_text","protected":false},"author":1,"featured_media":0,"parent":0,"menu_order":0,"comment_status":"closed","ping_status":"closed","template":"","meta":{"footnotes":""},"class_list":["post-4141","page","type-page","status-publish","hentry"],"_links":{"self":[{"href":"https:\/\/www.cafezone.com.tr\/en\/wp-json\/wp\/v2\/pages\/4141","targetHints":{"allow":["GET"]}}],"collection":[{"href":"https:\/\/www.cafezone.com.tr\/en\/wp-json\/wp\/v2\/pages"}],"about":[{"href":"https:\/\/www.cafezone.com.tr\/en\/wp-json\/wp\/v2\/types\/page"}],"author":[{"embeddable":true,"href":"https:\/\/www.cafezone.com.tr\/en\/wp-json\/wp\/v2\/users\/1"}],"replies":[{"embeddable":true,"href":"https:\/\/www.cafezone.com.tr\/en\/wp-json\/wp\/v2\/comments?post=4141"}],"version-history":[{"count":0,"href":"https:\/\/www.cafezone.com.tr\/en\/wp-json\/wp\/v2\/pages\/4141\/revisions"}],"wp:attachment":[{"href":"https:\/\/www.cafezone.com.tr\/en\/wp-json\/wp\/v2\/media?parent=4141"}],"curies":[{"name":"wp","href":"https:\/\/api.w.org\/{rel}","templated":true}]}}