{"id":3860,"date":"2024-10-05T02:55:31","date_gmt":"2024-10-04T23:55:31","guid":{"rendered":"https:\/\/www.cafezone.com.tr\/?post_type=product&#038;p=3860"},"modified":"2025-07-24T00:12:10","modified_gmt":"2025-07-23T21:12:10","slug":"pasa-dedem-kayibag-cabernet-sauvignon","status":"publish","type":"product","link":"https:\/\/www.cafezone.com.tr\/en\/product\/pasa-dedem-kayibag-cabernet-sauvignon\/","title":{"rendered":"Pa\u015fa Dedem Kay\u0131ba\u011f, Cabernet Sauvignon"},"content":{"rendered":"<p>glass 390,00 \/ 37,50 cl\u00a0 930,00 \/ 75 cl 1860,00<\/p>\n","protected":false},"excerpt":{"rendered":"<p>glass 390,00 \/ 37,50 cl\u00a0 930,00 \/ 75 cl 1860,00 &#8230; <\/p>\n","protected":false},"featured_media":0,"template":"","meta":[],"product_brand":[],"product_cat":[205],"product_tag":[],"class_list":{"0":"post-3860","1":"product","2":"type-product","3":"status-publish","5":"product_cat-red-wines-drinks","7":"first","8":"instock","9":"shipping-taxable","10":"product-type-simple"},"_links":{"self":[{"href":"https:\/\/www.cafezone.com.tr\/en\/wp-json\/wp\/v2\/product\/3860","targetHints":{"allow":["GET"]}}],"collection":[{"href":"https:\/\/www.cafezone.com.tr\/en\/wp-json\/wp\/v2\/product"}],"about":[{"href":"https:\/\/www.cafezone.com.tr\/en\/wp-json\/wp\/v2\/types\/product"}],"wp:attachment":[{"href":"https:\/\/www.cafezone.com.tr\/en\/wp-json\/wp\/v2\/media?parent=3860"}],"wp:term":[{"taxonomy":"product_brand","embeddable":true,"href":"https:\/\/www.cafezone.com.tr\/en\/wp-json\/wp\/v2\/product_brand?post=3860"},{"taxonomy":"product_cat","embeddable":true,"href":"https:\/\/www.cafezone.com.tr\/en\/wp-json\/wp\/v2\/product_cat?post=3860"},{"taxonomy":"product_tag","embeddable":true,"href":"https:\/\/www.cafezone.com.tr\/en\/wp-json\/wp\/v2\/product_tag?post=3860"}],"curies":[{"name":"wp","href":"https:\/\/api.w.org\/{rel}","templated":true}]}}