{"id":3863,"date":"2024-10-05T02:55:30","date_gmt":"2024-10-04T23:55:30","guid":{"rendered":"https:\/\/www.cafezone.com.tr\/?post_type=product&#038;p=3863"},"modified":"2025-07-24T00:14:03","modified_gmt":"2025-07-23T21:14:03","slug":"doluca-dlc-okuzgozu","status":"publish","type":"product","link":"https:\/\/www.cafezone.com.tr\/en\/product\/doluca-dlc-okuzgozu\/","title":{"rendered":"Doluca DLC, \u00d6k\u00fczg\u00f6z\u00fc"},"content":{"rendered":"<p>glass 380,00 \/ 37,50 cl\u00a0 870,00 \/ 75 cl 1740,00<\/p>\n","protected":false},"excerpt":{"rendered":"<p>glass 380,00 \/ 37,50 cl\u00a0 870,00 \/ 75 cl 1740,00 &#8230; <\/p>\n","protected":false},"featured_media":0,"template":"","meta":[],"product_brand":[],"product_cat":[205],"product_tag":[],"class_list":{"0":"post-3863","1":"product","2":"type-product","3":"status-publish","5":"product_cat-red-wines-drinks","7":"first","8":"instock","9":"shipping-taxable","10":"product-type-simple"},"_links":{"self":[{"href":"https:\/\/www.cafezone.com.tr\/en\/wp-json\/wp\/v2\/product\/3863","targetHints":{"allow":["GET"]}}],"collection":[{"href":"https:\/\/www.cafezone.com.tr\/en\/wp-json\/wp\/v2\/product"}],"about":[{"href":"https:\/\/www.cafezone.com.tr\/en\/wp-json\/wp\/v2\/types\/product"}],"wp:attachment":[{"href":"https:\/\/www.cafezone.com.tr\/en\/wp-json\/wp\/v2\/media?parent=3863"}],"wp:term":[{"taxonomy":"product_brand","embeddable":true,"href":"https:\/\/www.cafezone.com.tr\/en\/wp-json\/wp\/v2\/product_brand?post=3863"},{"taxonomy":"product_cat","embeddable":true,"href":"https:\/\/www.cafezone.com.tr\/en\/wp-json\/wp\/v2\/product_cat?post=3863"},{"taxonomy":"product_tag","embeddable":true,"href":"https:\/\/www.cafezone.com.tr\/en\/wp-json\/wp\/v2\/product_tag?post=3863"}],"curies":[{"name":"wp","href":"https:\/\/api.w.org\/{rel}","templated":true}]}}